{"id":3,"date":"2025-06-22T20:02:07","date_gmt":"2025-06-22T20:02:07","guid":{"rendered":"http:\/\/dependencia.site\/?page_id=3"},"modified":"2025-06-25T21:26:23","modified_gmt":"2025-06-25T21:26:23","slug":"privacy-policy","status":"publish","type":"page","link":"https:\/\/dependencia.site\/es\/privacy-policy\/","title":{"rendered":"Pol\u00edticas de Privacidad"},"content":{"rendered":"<div data-elementor-type=\"wp-page\" data-elementor-id=\"3\" class=\"elementor elementor-3\" data-elementor-post-type=\"page\">\n\t\t\t\t<div class=\"elementor-element elementor-element-3433c9c0 e-flex e-con-boxed e-con e-parent\" data-id=\"3433c9c0\" data-element_type=\"container\" data-settings=\"{&quot;ekit_has_onepagescroll_dot&quot;:&quot;yes&quot;}\">\n\t\t\t\t\t<div class=\"e-con-inner\">\n\t\t\t\t<div class=\"elementor-element elementor-element-13b810d6 elementor-widget elementor-widget-text-editor\" data-id=\"13b810d6\" data-element_type=\"widget\" data-settings=\"{&quot;ekit_we_effect_on&quot;:&quot;none&quot;}\" data-widget_type=\"text-editor.default\">\n\t\t\t\t<div class=\"elementor-widget-container\">\n\t\t\t\t\t\t\t\t\t\n<p><\/p>\n\n\n\n<h2 class=\"wp-block-heading\">Quem somos<\/h2>\n\n\n\n<p>Texto sugerido: O endere\u00e7o do nosso site \u00e9: <a class=\"\" href=\"http:\/\/dependencia.site\/es\/\">http:\/\/dependencia.site<\/a>.<\/p>\n\n\n\n<h3 class=\"wp-block-heading\">Coment\u00e1rios<\/h3>\n\n\n\n<p>Texto sugerido: Quando os visitantes deixam coment\u00e1rios no site, coletamos os dados mostrados no formul\u00e1rio de coment\u00e1rios, al\u00e9m do endere\u00e7o IP e do agente de usu\u00e1rio do navegador do visitante, para ajudar na detec\u00e7\u00e3o de spam.<\/p>\n\n\n\n<p>Uma sequ\u00eancia an\u00f4nima gerada a partir do seu e-mail (tamb\u00e9m chamada de <em>hash<\/em>) pode ser fornecida ao servi\u00e7o Gravatar para verificar se voc\u00ea o utiliza. A pol\u00edtica de privacidade do Gravatar est\u00e1 dispon\u00edvel aqui: <a class=\"\" href=\"https:\/\/automattic.com\/privacy\/\">https:\/\/automattic.com\/privacy\/<\/a>. Ap\u00f3s a aprova\u00e7\u00e3o do seu coment\u00e1rio, sua foto de perfil ficar\u00e1 vis\u00edvel ao p\u00fablico junto ao coment\u00e1rio.<\/p>\n\n\n\n<h3 class=\"wp-block-heading\">M\u00eddia<\/h3>\n\n\n\n<p>Texto sugerido: Se voc\u00ea enviar imagens para o site, evite fazer upload de imagens com dados de localiza\u00e7\u00e3o incorporados (EXIF GPS). Visitantes podem baixar e extrair essas informa\u00e7\u00f5es das imagens no site.<\/p>\n\n\n\n<h3 class=\"wp-block-heading\">Cookies<\/h3>\n\n\n\n<p>Texto sugerido: Ao deixar um coment\u00e1rio no site, voc\u00ea pode optar por salvar seu nome, e-mail e site nos cookies. Isso \u00e9 para sua conveni\u00eancia, evitando que precise preencher seus dados novamente ao deixar outro coment\u00e1rio. Esses cookies duram um ano.<\/p>\n\n\n\n<p>Se voc\u00ea visitar nossa p\u00e1gina de login, ser\u00e1 criado um cookie tempor\u00e1rio para verificar se seu navegador aceita cookies. Esse cookie n\u00e3o cont\u00e9m dados pessoais e ser\u00e1 descartado ao fechar o navegador.<\/p>\n\n\n\n<p>Ao fazer login, tamb\u00e9m criamos cookies para salvar suas informa\u00e7\u00f5es de login e prefer\u00eancias de exibi\u00e7\u00e3o da tela. Os cookies de login duram dois dias, e os cookies de prefer\u00eancias de tela duram um ano. Se voc\u00ea selecionar \u201cLembrar-me\u201d, seu login ser\u00e1 mantido por duas semanas. Ao sair da conta, os cookies de login ser\u00e3o removidos.<\/p>\n\n\n\n<p>Se voc\u00ea editar ou publicar um artigo, um cookie adicional ser\u00e1 salvo no seu navegador. Esse cookie n\u00e3o cont\u00e9m dados pessoais e indica apenas o ID do post que voc\u00ea acabou de editar. Ele expira ap\u00f3s 1 dia.<\/p>\n\n\n\n<h3 class=\"wp-block-heading\">Conte\u00fado incorporado de outros sites<\/h3>\n\n\n\n<p>Texto sugerido: Artigos neste site podem incluir conte\u00fado incorporado (ex.: v\u00eddeos, imagens, artigos, etc.). O conte\u00fado incorporado de outros sites se comporta da mesma forma como se o visitante estivesse acessando diretamente o outro site.<\/p>\n\n\n\n<p>Esses sites podem coletar dados sobre voc\u00ea, usar cookies, incorporar rastreamento de terceiros e monitorar sua intera\u00e7\u00e3o com o conte\u00fado incorporado \u2014 inclusive se voc\u00ea tem uma conta e est\u00e1 logado nesse site.<\/p>\n\n\n\n<h3 class=\"wp-block-heading\">Com quem compartilhamos seus dados<\/h3>\n\n\n\n<p>Texto sugerido: Se voc\u00ea solicitar a redefini\u00e7\u00e3o de senha, seu endere\u00e7o IP ser\u00e1 inclu\u00eddo no e-mail de redefini\u00e7\u00e3o.<\/p>\n\n\n\n<h3 class=\"wp-block-heading\">Por quanto tempo retemos seus dados<\/h3>\n\n\n\n<p>Texto sugerido: Se voc\u00ea deixar um coment\u00e1rio, ele e seus metadados ser\u00e3o retidos indefinidamente. Isso \u00e9 feito para que possamos reconhecer e aprovar automaticamente coment\u00e1rios futuros, em vez de ret\u00ea-los para modera\u00e7\u00e3o.<\/p>\n\n\n\n<p>Para usu\u00e1rios que se registram no site (caso existam), armazenamos tamb\u00e9m as informa\u00e7\u00f5es pessoais fornecidas no perfil de usu\u00e1rio. Todos os usu\u00e1rios podem ver, editar ou excluir suas informa\u00e7\u00f5es pessoais a qualquer momento (com exce\u00e7\u00e3o do nome de usu\u00e1rio). Os administradores do site tamb\u00e9m podem ver e editar essas informa\u00e7\u00f5es.<\/p>\n\n\n\n<h3 class=\"wp-block-heading\">Quais direitos voc\u00ea tem sobre seus dados<\/h3>\n\n\n\n<p>Texto sugerido: Se voc\u00ea tiver uma conta neste site ou tiver deixado coment\u00e1rios, pode solicitar um arquivo exportado com os dados pessoais que temos sobre voc\u00ea, incluindo os dados fornecidos. Tamb\u00e9m pode solicitar a exclus\u00e3o de seus dados pessoais. Isso n\u00e3o inclui dados que somos obrigados a manter por raz\u00f5es administrativas, legais ou de seguran\u00e7a.<\/p>\n\n\n\n<h3 class=\"wp-block-heading\">Para onde seus dados s\u00e3o enviados<\/h3>\n\n\n\n<p>Texto sugerido: Coment\u00e1rios de visitantes podem ser verificados por um servi\u00e7o autom\u00e1tico de detec\u00e7\u00e3o de spam.<\/p>\n\t\t\t\t\t\t\t\t<\/div>\n\t\t\t\t<\/div>\n\t\t\t\t\t<\/div>\n\t\t\t\t<\/div>\n\t\t\t\t<\/div>","protected":false},"excerpt":{"rendered":"<p>Quem somos Texto sugerido: O endere\u00e7o do nosso site \u00e9: http:\/\/dependencia.site. Coment\u00e1rios Texto sugerido: Quando os visitantes deixam coment\u00e1rios no site, coletamos os dados mostrados no formul\u00e1rio de coment\u00e1rios, al\u00e9m do endere\u00e7o IP e do agente de usu\u00e1rio do navegador do visitante, para ajudar na detec\u00e7\u00e3o de spam. Uma sequ\u00eancia an\u00f4nima gerada a partir do [&hellip;]<\/p>","protected":false},"author":1,"featured_media":0,"parent":0,"menu_order":0,"comment_status":"closed","ping_status":"open","template":"elementor_canvas","meta":{"footnotes":""},"class_list":["post-3","page","type-page","status-publish","hentry"],"_links":{"self":[{"href":"https:\/\/dependencia.site\/es\/wp-json\/wp\/v2\/pages\/3","targetHints":{"allow":["GET"]}}],"collection":[{"href":"https:\/\/dependencia.site\/es\/wp-json\/wp\/v2\/pages"}],"about":[{"href":"https:\/\/dependencia.site\/es\/wp-json\/wp\/v2\/types\/page"}],"author":[{"embeddable":true,"href":"https:\/\/dependencia.site\/es\/wp-json\/wp\/v2\/users\/1"}],"replies":[{"embeddable":true,"href":"https:\/\/dependencia.site\/es\/wp-json\/wp\/v2\/comments?post=3"}],"version-history":[{"count":5,"href":"https:\/\/dependencia.site\/es\/wp-json\/wp\/v2\/pages\/3\/revisions"}],"predecessor-version":[{"id":401,"href":"https:\/\/dependencia.site\/es\/wp-json\/wp\/v2\/pages\/3\/revisions\/401"}],"wp:attachment":[{"href":"https:\/\/dependencia.site\/es\/wp-json\/wp\/v2\/media?parent=3"}],"curies":[{"name":"wp","href":"https:\/\/api.w.org\/{rel}","templated":true}]}}